{"id":89,"date":"2019-01-14T11:01:35","date_gmt":"2019-01-14T16:01:35","guid":{"rendered":"http:\/\/antiguedadesdelcanal.com\/?post_type=product&#038;p=89"},"modified":"2019-01-14T11:01:35","modified_gmt":"2019-01-14T16:01:35","slug":"la-placa","status":"publish","type":"product","link":"http:\/\/antiguedadesdelcanal.com\/?product=la-placa","title":{"rendered":"La placa"},"content":{"rendered":"<p>Placa de uni\u00f3n de los durmientes del ferrocarril de trabajo y clavos de 1912 utilizado en la construcci\u00f3n de las esclusas de miraflores en el canal de panam\u00e1.<\/p>\n","protected":false},"excerpt":{"rendered":"<p>Placa de uni\u00f3n de los durmientes del ferrocarril de trabajo y clavos de 1912 utilizado en la construcci\u00f3n de las esclusas de miraflores en el canal de panam\u00e1.<\/p>\n","protected":false},"featured_media":90,"template":"","meta":[],"product_brand":[],"product_cat":[16],"product_tag":[],"class_list":{"0":"post-89","1":"product","2":"type-product","3":"status-publish","4":"has-post-thumbnail","6":"product_cat-piezas","8":"first","9":"instock","10":"shipping-taxable","11":"purchasable","12":"product-type-simple"},"_links":{"self":[{"href":"http:\/\/antiguedadesdelcanal.com\/index.php?rest_route=\/wp\/v2\/product\/89","targetHints":{"allow":["GET"]}}],"collection":[{"href":"http:\/\/antiguedadesdelcanal.com\/index.php?rest_route=\/wp\/v2\/product"}],"about":[{"href":"http:\/\/antiguedadesdelcanal.com\/index.php?rest_route=\/wp\/v2\/types\/product"}],"wp:featuredmedia":[{"embeddable":true,"href":"http:\/\/antiguedadesdelcanal.com\/index.php?rest_route=\/wp\/v2\/media\/90"}],"wp:attachment":[{"href":"http:\/\/antiguedadesdelcanal.com\/index.php?rest_route=%2Fwp%2Fv2%2Fmedia&parent=89"}],"wp:term":[{"taxonomy":"product_brand","embeddable":true,"href":"http:\/\/antiguedadesdelcanal.com\/index.php?rest_route=%2Fwp%2Fv2%2Fproduct_brand&post=89"},{"taxonomy":"product_cat","embeddable":true,"href":"http:\/\/antiguedadesdelcanal.com\/index.php?rest_route=%2Fwp%2Fv2%2Fproduct_cat&post=89"},{"taxonomy":"product_tag","embeddable":true,"href":"http:\/\/antiguedadesdelcanal.com\/index.php?rest_route=%2Fwp%2Fv2%2Fproduct_tag&post=89"}],"curies":[{"name":"wp","href":"https:\/\/api.w.org\/{rel}","templated":true}]}}